{"id":521,"date":"2018-06-05T22:16:58","date_gmt":"2018-06-06T01:16:58","guid":{"rendered":"http:\/\/engeblock.com.br\/viver-bem\/?page_id=521"},"modified":"2019-12-26T11:56:01","modified_gmt":"2019-12-26T13:56:01","slug":"empresa","status":"publish","type":"page","link":"https:\/\/www.engeblock.com.br\/viver-bem\/empresa\/","title":{"rendered":"EMPRESA"},"content":{"rendered":"<div id=\"themify_builder_content-521\" data-postid=\"521\" class=\"themify_builder_content themify_builder_content-521 themify_builder\">\n    \t<!-- module_row -->\n\t<div   class=\"themify_builder_row module_row clearfix builder-parallax-scrolling fullwidth_row_container module_row_0 themify_builder_521_row module_row_521-0 tb_0bhe425\">\n\t    <div class=\"builder_row_cover\"><\/div>\t    <div class=\"row_inner col_align_top\" >\n\t\t\t<div  class=\"module_column tb-column col-full first tb_521_column module_column_0 module_column_521-0-0 tb_bf3t330\">\n\t    \t    \t        <div class=\"tb-column-inner\">\n\t\t    \t<div  class=\"themify_builder_sub_row module_subrow clearfix sub_row_0-0-0 tb_k98i713\">\n\t    \t    <div class=\"subrow_inner col_align_top\"   data-basecol=\"3\" data-col_mobile=\"column-full\">\n\t\t\t<div style=\"width:13%;\" class=\"sub_column module_column col4-1 first sub_column_post_521 sub_column_0-0-0-0 tb_y0rf258\"> \n\t    \t    \t<\/div>\n\t\t<div style=\"width:43%;\" class=\"sub_column module_column col4-2 middle sub_column_post_521 sub_column_0-0-0-1 tb_vcum201\" > \n\t    \t    \t        <div class=\"tb-column-inner\">\n\t\t    <!-- module text -->\n<div  class=\"module module-text tb_w40y093  repeat  \">\n            <div  class=\"tb_text_wrap\">\n    <h2 style=\"text-align: left;\">O nosso progresso<\/h2><p style=\"text-align: left;\">Fundada em 1998 e constru\u00edda diariamente com a satisfa\u00e7\u00e3o dos seus clientes. Em nossos 20 anos de experi\u00eancia, as mais de 60 grandes obras executadas e mais de 100 projetos conclu\u00eddos nos tornam refer\u00eancia de qualidade, comprometimento, responsabilidade social e ambiental no mercado da constru\u00e7\u00e3o civil.<\/p>    <\/div>\n<\/div>\n<!-- \/module text -->\n\t        <\/div>\n\t    \t<\/div>\n\t\t<div style=\"width:37.6%;\" class=\"sub_column module_column col4-1 last sub_column_post_521 sub_column_0-0-0-2 tb_gzcq727\"> \n\t    \t    \t        <div class=\"tb-column-inner\">\n\t\t        <!-- module image -->\n    <div  class=\"module module-image tb_ip77322  image-right    auto_fullwidth\" data-lax=\"true\" data-lax-anchor=\"self\" data-parallax-element-speed=\"2\" data-lax-translate-y=\"vh 1,0 -140\" data-lax-optimize=\"true\" data-lax-no-op=\"true\">\n\t                <div class=\"image-wrap\">\n                            <img decoding=\"async\" src=\"http:\/\/engeblock.com.br\/planejamento-e-construcao\/wp-content\/uploads\/sites\/2\/2018\/04\/Mapa.png\" alt=\"EMPRESA\" \/>            \n                        <\/div>\n            <!-- \/image-wrap -->\n        \n        \n        <\/div>\n    <!-- \/module image -->\n\t        <\/div>\n\t    \t<\/div>\n\t\t    <\/div>\n\t<\/div><!-- \/themify_builder_sub_row -->\n\t\t        <\/div>\n\t    \t<\/div>\n\t\t    <\/div>\n\t    <!-- \/row_inner -->\n\t<\/div>\n\t<!-- \/module_row -->\n\t\t<!-- module_row -->\n\t<div   class=\"themify_builder_row module_row clearfix builder-parallax-scrolling fullwidth module_row_1 themify_builder_521_row module_row_521-1 tb_jxx5633 hide-desktop hide-tablet\">\n\t    \t    <div class=\"row_inner col_align_middle\" >\n\t\t\t<div  class=\"module_column tb-column col4-2 first tb_521_column module_column_0 module_column_521-1-0 tb_4axq023\">\n\t    \t    \t        <div class=\"tb-column-inner\">\n\t\t    \t<div  class=\"themify_builder_sub_row module_subrow clearfix sub_row_1-0-0 tb_58mb521\">\n\t    \t    <div class=\"subrow_inner col_align_top\" >\n\t\t\t<div  class=\"sub_column module_column col4-2 first sub_column_post_521 sub_column_1-0-0-0 tb_nqhw023\"> \n\t    \t    \t        <div class=\"tb-column-inner\">\n\t\t        <!-- module image -->\n    <div  class=\"module module-image tb_ctxm353  image-center  \" data-lax=\"true\" data-lax-anchor=\"self\" data-parallax-element-speed=\"2\" data-lax-translate-y=\"vh 1,0 -140\" data-lax-optimize=\"true\" data-lax-no-op=\"true\">\n\t                <div class=\"image-wrap\">\n                            <img decoding=\"async\" src=\"http:\/\/engeblock.com.br\/planejamento-e-construcao\/wp-content\/uploads\/sites\/2\/2018\/04\/Logo-ISO.png\" width=\"120\" alt=\"EMPRESA\" \/>            \n                        <\/div>\n            <!-- \/image-wrap -->\n        \n        \n        <\/div>\n    <!-- \/module image -->\n\t        <\/div>\n\t    \t<\/div>\n\t\t<div  class=\"sub_column module_column col4-2 last sub_column_post_521 sub_column_1-0-0-1 tb_6to0423\"> \n\t    \t    \t        <div class=\"tb-column-inner\">\n\t\t        <!-- module image -->\n    <div  class=\"module module-image tb_oqmj275  image-center  \" data-lax=\"true\" data-lax-anchor=\"self\" data-parallax-element-speed=\"2\" data-lax-translate-y=\"vh 1,0 -140\" data-lax-optimize=\"true\" data-lax-no-op=\"true\">\n\t                <div class=\"image-wrap\">\n                            <img decoding=\"async\" src=\"http:\/\/engeblock.com.br\/planejamento-e-construcao\/wp-content\/uploads\/sites\/2\/2018\/04\/Logo-PBQPH.png\" width=\"120\" alt=\"EMPRESA\" \/>            \n                        <\/div>\n            <!-- \/image-wrap -->\n        \n        \n        <\/div>\n    <!-- \/module image -->\n\t        <\/div>\n\t    \t<\/div>\n\t\t    <\/div>\n\t<\/div><!-- \/themify_builder_sub_row -->\n\t\t        <\/div>\n\t    \t<\/div>\n\t\t<div  class=\"module_column tb-column col4-2 last tb_521_column module_column_1 module_column_521-1-1 tb_df3r522\" >\n\t    \t    \t        <div class=\"tb-column-inner\">\n\t\t    <!-- module text -->\n<div  class=\"module module-text tb_qfys550  repeat  \">\n            <div  class=\"tb_text_wrap\">\n    <h2>Nossa qualidade faz a sua obra<\/h2>\n<p>A estrutura de nosso ambiente tecnol\u00f3gico, de gest\u00e3o e a satisfa\u00e7\u00e3o de nossos clientes garantem \u00e0 empresa as certifica\u00e7\u00f5es ISO9001 e PBQP-H n\u00edvel A, o mais alto do programa, com as categorias: Organiza\u00e7\u00e3o de recursos humanos gest\u00e3o da qualidade da edifica\u00e7\u00e3o, gest\u00e3o de suprimentos, gest\u00e3o da informa\u00e7\u00e3o e gest\u00e3o de projetos.<\/p>    <\/div>\n<\/div>\n<!-- \/module text -->\n\t        <\/div>\n\t    \t<\/div>\n\t\t    <\/div>\n\t    <!-- \/row_inner -->\n\t<\/div>\n\t<!-- \/module_row -->\n\t\t<!-- module_row -->\n\t<div   class=\"themify_builder_row module_row clearfix builder-parallax-scrolling fullwidth module_row_2 themify_builder_521_row module_row_521-2 tb_4wc1326 hide-mobile\">\n\t    \t    <div class=\"row_inner col_align_middle\" >\n\t\t\t<div  class=\"module_column tb-column col4-2 first tb_521_column module_column_0 module_column_521-2-0 tb_zs0e022\">\n\t    \t    \t        <div class=\"tb-column-inner\">\n\t\t    \t<div  class=\"themify_builder_sub_row module_subrow clearfix sub_row_2-0-0 tb_o3zs060\">\n\t    \t    <div class=\"subrow_inner col_align_top\" >\n\t\t\t<div  class=\"sub_column module_column col4-2 first sub_column_post_521 sub_column_2-0-0-0 tb_ttda307\"> \n\t    \t    \t        <div class=\"tb-column-inner\">\n\t\t        <!-- module image -->\n    <div  class=\"module module-image tb_mdoh720  image-center  \" data-lax=\"true\" data-lax-anchor=\"self\" data-parallax-element-speed=\"2\" data-lax-translate-y=\"vh 1,0 -140\" data-lax-optimize=\"true\" data-lax-no-op=\"true\">\n\t                <div class=\"image-wrap\">\n                            <img decoding=\"async\" src=\"http:\/\/engeblock.com.br\/planejamento-e-construcao\/wp-content\/uploads\/sites\/2\/2018\/04\/Logo-ISO.png\" width=\"250\" alt=\"EMPRESA\" \/>            \n                        <\/div>\n            <!-- \/image-wrap -->\n        \n        \n        <\/div>\n    <!-- \/module image -->\n\t        <\/div>\n\t    \t<\/div>\n\t\t<div  class=\"sub_column module_column col4-2 last sub_column_post_521 sub_column_2-0-0-1 tb_67sv251\"> \n\t    \t    \t        <div class=\"tb-column-inner\">\n\t\t        <!-- module image -->\n    <div  class=\"module module-image tb_pnf4305  image-center  \" data-lax=\"true\" data-lax-anchor=\"self\" data-parallax-element-speed=\"2\" data-lax-translate-y=\"vh 1,0 -140\" data-lax-optimize=\"true\" data-lax-no-op=\"true\">\n\t                <div class=\"image-wrap\">\n                            <img decoding=\"async\" src=\"http:\/\/engeblock.com.br\/planejamento-e-construcao\/wp-content\/uploads\/sites\/2\/2018\/04\/Logo-PBQPH.png\" width=\"300\" alt=\"EMPRESA\" \/>            \n                        <\/div>\n            <!-- \/image-wrap -->\n        \n        \n        <\/div>\n    <!-- \/module image -->\n\t        <\/div>\n\t    \t<\/div>\n\t\t    <\/div>\n\t<\/div><!-- \/themify_builder_sub_row -->\n\t\t        <\/div>\n\t    \t<\/div>\n\t\t<div  class=\"module_column tb-column col4-2 last tb_521_column module_column_1 module_column_521-2-1 tb_fomz020\" >\n\t    \t    \t        <div class=\"tb-column-inner\">\n\t\t    <!-- module text -->\n<div  class=\"module module-text tb_whj9543  repeat  \">\n            <div  class=\"tb_text_wrap\">\n    <h2>Nossa qualidade faz a sua obra<\/h2><p>A estrutura de nosso ambiente tecnol\u00f3gico, de gest\u00e3o e a satisfa\u00e7\u00e3o de nossos clientes<br \/>garantem \u00e0 empresa as certifica\u00e7\u00f5es ISO9001 e PBQP-H n\u00edvel A, o mais alto do<br \/>programa, com as categorias: Organiza\u00e7\u00e3o de recursos humanos gest\u00e3o da qualidade da<br \/>edifica\u00e7\u00e3o, gest\u00e3o de suprimentos, gest\u00e3o da informa\u00e7\u00e3o e gest\u00e3o de projetos.<\/p>    <\/div>\n<\/div>\n<!-- \/module text -->\n\t        <\/div>\n\t    \t<\/div>\n\t\t    <\/div>\n\t    <!-- \/row_inner -->\n\t<\/div>\n\t<!-- \/module_row -->\n\t\t<!-- module_row -->\n\t<div   class=\"themify_builder_row module_row clearfix fullcover fullwidth_row_container module_row_3 themify_builder_521_row module_row_521-3 tb_aeg6282\">\n\t    \t    <div class=\"row_inner col_align_top\"   data-basecol=\"2\" data-col_mobile=\"column-full\">\n\t\t\t<div  class=\"module_column tb-column col4-2 first tb_521_column module_column_0 module_column_521-3-0 tb_s8i8530 repeat-none\" style=\"width: 49.8%\" >\n\t    \t    \t        <div class=\"tb-column-inner\">\n\t\t    <!-- module text -->\n<div  class=\"module module-text tb_sigx705  repeat  \">\n            <div  class=\"tb_text_wrap\">\n    <h2 style=\"text-align: left;\">Aliar a reinven\u00e7\u00e3o di\u00e1ria com a solidez da experi\u00eancia<\/h2>\n<p style=\"text-align: left;\">A realiza\u00e7\u00e3o de investimentos s\u00f3lidos com exemplar qualidade de acabamento aliada \u00e0\u00a0constante busca por novas tecnologias de produ\u00e7\u00e3o \u00e9 o que nos motiva a crescer\u00a0diariamente.<\/p>    <\/div>\n<\/div>\n<!-- \/module text -->\n\t        <\/div>\n\t    \t<\/div>\n\t\t<div  class=\"module_column tb-column col4-2 last tb_521_column module_column_1 module_column_521-3-1 tb_v8ch353\" style=\"width: 47%\" >\n\t    \t    \t        <div class=\"tb-column-inner\">\n\t\t        <!-- module image -->\n    <div  class=\"module module-image tb_qanq315  image-center    auto_fullwidth\" data-lax=\"true\" data-lax-anchor=\"self\" data-parallax-element-speed=\"4\" data-lax-translate-y=\"vh 1,0 -250\" data-lax-optimize=\"true\" data-lax-no-op=\"true\">\n\t                <div class=\"image-wrap\">\n                            <img decoding=\"async\" src=\"http:\/\/engeblock.com.br\/planejamento-e-construcao\/wp-content\/uploads\/sites\/2\/2018\/06\/PNG-01.png\" alt=\"EMPRESA\" \/>            \n                        <\/div>\n            <!-- \/image-wrap -->\n        \n        \n        <\/div>\n    <!-- \/module image -->\n\t        <\/div>\n\t    \t<\/div>\n\t\t    <\/div>\n\t    <!-- \/row_inner -->\n\t<\/div>\n\t<!-- \/module_row -->\n\t\t<!-- module_row -->\n\t<div   class=\"themify_builder_row module_row clearfix module_row_4 themify_builder_521_row module_row_521-4 tb_hj4z329\">\n\t    \t    <div class=\"row_inner col_align_middle gutter-none\"   data-basecol=\"2\" data-col_mobile=\"column-full\">\n\t\t\t<div  class=\"module_column tb-column col4-2 first tb_521_column module_column_0 module_column_521-4-0 tb_tqrb444\" >\n\t    \t    \t        <div class=\"tb-column-inner\">\n\t\t        <!-- module image -->\n    <div  class=\"module module-image tb_mhb8333  image-center   wow fadeIn\" data-lax=\"true\" data-lax-anchor=\"self\" data-parallax-element-speed=\"5\" data-lax-translate-y=\"vh 1,0 -320\" data-lax-optimize=\"true\" data-lax-no-op=\"true\">\n\t                <div class=\"image-wrap\">\n                            <img decoding=\"async\" src=\"http:\/\/engeblock.com.br\/planejamento-e-construcao\/wp-content\/uploads\/sites\/2\/2018\/07\/engeblock_pita-x7.png\" width=\"400\" alt=\"EMPRESA\" \/>            \n                        <\/div>\n            <!-- \/image-wrap -->\n        \n        \n        <\/div>\n    <!-- \/module image -->\n\t        <\/div>\n\t    \t<\/div>\n\t\t<div  class=\"module_column tb-column col4-2 last tb_521_column module_column_1 module_column_521-4-1 tb_mrn2333\" >\n\t    \t    \t        <div class=\"tb-column-inner\">\n\t\t    <!-- module text -->\n<div  class=\"module module-text tb_wlu3333  repeat  \">\n            <div  class=\"tb_text_wrap\">\n    <h2 style=\"text-align: center;\">Conhe\u00e7a nossos empreendimentos<\/h2>    <\/div>\n<\/div>\n<!-- \/module text -->\n    <!-- module buttons -->\n    <div  class=\"module module-buttons tb_2rhl015 large solid squared  \">\n\t        \t<div class=\"module-buttons\">\n                            <div class=\"module-buttons-item  buttons-horizontal\">\n\t\t    \t\t\t<a href=\"http:\/\/www.engeblock.com.br\/viver-bem\/residencial-joao-martins\/\" class=\"ui builder_button blue\" >\n\t\t    \t\t    \t\t\t<span>BAIXAR PORTIF\u00d3LIO<\/span>\n\t\t    \t\t    \t\t\t<\/a>\n\t\t                    <\/div>\n                    <\/div>\n    <\/div>\n    <!-- \/module buttons -->\n    <!-- module buttons -->\n    <div  class=\"module module-buttons tb_yncb420 normal outline circle  \">\n\t        \t<div class=\"module-buttons\">\n                            <div class=\"module-buttons-item  buttons-horizontal\">\n\t\t    \t\t\t<a href=\"http:\/\/themify.me\/\" class=\"ui builder_button tb_default_color\" >\n\t\t    \t\t    \t\t\t<span>Learn More<\/span>\n\t\t    \t\t    \t\t\t<\/a>\n\t\t                    <\/div>\n                    <\/div>\n    <\/div>\n    <!-- \/module buttons -->\n\t        <\/div>\n\t    \t<\/div>\n\t\t    <\/div>\n\t    <!-- \/row_inner -->\n\t<\/div>\n\t<!-- \/module_row -->\n\t\t<!-- module_row -->\n\t<div   class=\"themify_builder_row module_row clearfix fullwidth module_row_5 themify_builder_521_row module_row_521-5 tb_0ifc050\">\n\t    \t    <div class=\"row_inner col_align_top\" >\n\t\t\t<div  class=\"module_column tb-column col-full first tb_521_column module_column_0 module_column_521-5-0 tb_hjd3544\">\n\t    \t    \t<\/div>\n\t\t    <\/div>\n\t    <!-- \/row_inner -->\n\t<\/div>\n\t<!-- \/module_row -->\n\t<\/div>\n\n","protected":false},"excerpt":{"rendered":"<p>O nosso progresso Fundada em 1998 e constru\u00edda diariamente com a satisfa\u00e7\u00e3o dos seus clientes. Em nossos 20 anos de experi\u00eancia, as mais de 60 grandes obras executadas e mais de 100 projetos conclu\u00eddos nos tornam refer\u00eancia de qualidade, comprometimento, responsabilidade social e ambiental no mercado da constru\u00e7\u00e3o civil. Nossa qualidade faz a sua obra [&hellip;]<\/p>\n","protected":false},"author":1,"featured_media":0,"parent":0,"menu_order":0,"comment_status":"closed","ping_status":"closed","template":"","meta":{"footnotes":""},"class_list":["post-521","page","type-page","status-publish","hentry","has-post-title","has-post-date","has-post-category","has-post-tag","has-post-comment","has-post-author",""],"yoast_head":"<!-- This site is optimized with the Yoast SEO plugin v23.4 - https:\/\/yoast.com\/wordpress\/plugins\/seo\/ -->\n<title>EMPRESA - Engeblock - Viver Bem<\/title>\n<meta name=\"robots\" content=\"index, follow, max-snippet:-1, max-image-preview:large, max-video-preview:-1\" \/>\n<link rel=\"canonical\" href=\"https:\/\/www.engeblock.com.br\/viver-bem\/empresa\/\" \/>\n<meta property=\"og:locale\" content=\"pt_BR\" \/>\n<meta property=\"og:type\" content=\"article\" \/>\n<meta property=\"og:title\" content=\"EMPRESA - Engeblock - Viver Bem\" \/>\n<meta property=\"og:description\" content=\"O nosso progresso Fundada em 1998 e constru\u00edda diariamente com a satisfa\u00e7\u00e3o dos seus clientes. Em nossos 20 anos de experi\u00eancia, as mais de 60 grandes obras executadas e mais de 100 projetos conclu\u00eddos nos tornam refer\u00eancia de qualidade, comprometimento, responsabilidade social e ambiental no mercado da constru\u00e7\u00e3o civil. Nossa qualidade faz a sua obra [&hellip;]\" \/>\n<meta property=\"og:url\" content=\"https:\/\/www.engeblock.com.br\/viver-bem\/empresa\/\" \/>\n<meta property=\"og:site_name\" content=\"Engeblock - Viver Bem\" \/>\n<meta property=\"article:modified_time\" content=\"2019-12-26T13:56:01+00:00\" \/>\n<meta property=\"og:image\" content=\"https:\/\/engeblock.com.br\/planejamento-e-construcao\/wp-content\/uploads\/sites\/2\/2018\/04\/Mapa.png\" \/>\n<meta name=\"twitter:card\" content=\"summary_large_image\" \/>\n<meta name=\"twitter:label1\" content=\"Est. tempo de leitura\" \/>\n\t<meta name=\"twitter:data1\" content=\"1 minuto\" \/>\n<script type=\"application\/ld+json\" class=\"yoast-schema-graph\">{\"@context\":\"https:\/\/schema.org\",\"@graph\":[{\"@type\":\"WebPage\",\"@id\":\"https:\/\/www.engeblock.com.br\/viver-bem\/empresa\/\",\"url\":\"https:\/\/www.engeblock.com.br\/viver-bem\/empresa\/\",\"name\":\"EMPRESA - Engeblock - Viver Bem\",\"isPartOf\":{\"@id\":\"https:\/\/www.engeblock.com.br\/viver-bem\/#website\"},\"primaryImageOfPage\":{\"@id\":\"https:\/\/www.engeblock.com.br\/viver-bem\/empresa\/#primaryimage\"},\"image\":{\"@id\":\"https:\/\/www.engeblock.com.br\/viver-bem\/empresa\/#primaryimage\"},\"thumbnailUrl\":\"https:\/\/engeblock.com.br\/planejamento-e-construcao\/wp-content\/uploads\/sites\/2\/2018\/04\/Mapa.png\",\"datePublished\":\"2018-06-06T01:16:58+00:00\",\"dateModified\":\"2019-12-26T13:56:01+00:00\",\"breadcrumb\":{\"@id\":\"https:\/\/www.engeblock.com.br\/viver-bem\/empresa\/#breadcrumb\"},\"inLanguage\":\"pt-BR\",\"potentialAction\":[{\"@type\":\"ReadAction\",\"target\":[\"https:\/\/www.engeblock.com.br\/viver-bem\/empresa\/\"]}]},{\"@type\":\"ImageObject\",\"inLanguage\":\"pt-BR\",\"@id\":\"https:\/\/www.engeblock.com.br\/viver-bem\/empresa\/#primaryimage\",\"url\":\"https:\/\/engeblock.com.br\/planejamento-e-construcao\/wp-content\/uploads\/sites\/2\/2018\/04\/Mapa.png\",\"contentUrl\":\"https:\/\/engeblock.com.br\/planejamento-e-construcao\/wp-content\/uploads\/sites\/2\/2018\/04\/Mapa.png\"},{\"@type\":\"BreadcrumbList\",\"@id\":\"https:\/\/www.engeblock.com.br\/viver-bem\/empresa\/#breadcrumb\",\"itemListElement\":[{\"@type\":\"ListItem\",\"position\":1,\"name\":\"In\u00edcio\",\"item\":\"https:\/\/www.engeblock.com.br\/viver-bem\/\"},{\"@type\":\"ListItem\",\"position\":2,\"name\":\"EMPRESA\"}]},{\"@type\":\"WebSite\",\"@id\":\"https:\/\/www.engeblock.com.br\/viver-bem\/#website\",\"url\":\"https:\/\/www.engeblock.com.br\/viver-bem\/\",\"name\":\"Engeblock - Viver Bem\",\"description\":\"\",\"potentialAction\":[{\"@type\":\"SearchAction\",\"target\":{\"@type\":\"EntryPoint\",\"urlTemplate\":\"https:\/\/www.engeblock.com.br\/viver-bem\/?s={search_term_string}\"},\"query-input\":{\"@type\":\"PropertyValueSpecification\",\"valueRequired\":true,\"valueName\":\"search_term_string\"}}],\"inLanguage\":\"pt-BR\"}]}<\/script>\n<!-- \/ Yoast SEO plugin. -->","yoast_head_json":{"title":"EMPRESA - Engeblock - Viver Bem","robots":{"index":"index","follow":"follow","max-snippet":"max-snippet:-1","max-image-preview":"max-image-preview:large","max-video-preview":"max-video-preview:-1"},"canonical":"https:\/\/www.engeblock.com.br\/viver-bem\/empresa\/","og_locale":"pt_BR","og_type":"article","og_title":"EMPRESA - Engeblock - Viver Bem","og_description":"O nosso progresso Fundada em 1998 e constru\u00edda diariamente com a satisfa\u00e7\u00e3o dos seus clientes. Em nossos 20 anos de experi\u00eancia, as mais de 60 grandes obras executadas e mais de 100 projetos conclu\u00eddos nos tornam refer\u00eancia de qualidade, comprometimento, responsabilidade social e ambiental no mercado da constru\u00e7\u00e3o civil. Nossa qualidade faz a sua obra [&hellip;]","og_url":"https:\/\/www.engeblock.com.br\/viver-bem\/empresa\/","og_site_name":"Engeblock - Viver Bem","article_modified_time":"2019-12-26T13:56:01+00:00","og_image":[{"url":"https:\/\/engeblock.com.br\/planejamento-e-construcao\/wp-content\/uploads\/sites\/2\/2018\/04\/Mapa.png"}],"twitter_card":"summary_large_image","twitter_misc":{"Est. tempo de leitura":"1 minuto"},"schema":{"@context":"https:\/\/schema.org","@graph":[{"@type":"WebPage","@id":"https:\/\/www.engeblock.com.br\/viver-bem\/empresa\/","url":"https:\/\/www.engeblock.com.br\/viver-bem\/empresa\/","name":"EMPRESA - Engeblock - Viver Bem","isPartOf":{"@id":"https:\/\/www.engeblock.com.br\/viver-bem\/#website"},"primaryImageOfPage":{"@id":"https:\/\/www.engeblock.com.br\/viver-bem\/empresa\/#primaryimage"},"image":{"@id":"https:\/\/www.engeblock.com.br\/viver-bem\/empresa\/#primaryimage"},"thumbnailUrl":"https:\/\/engeblock.com.br\/planejamento-e-construcao\/wp-content\/uploads\/sites\/2\/2018\/04\/Mapa.png","datePublished":"2018-06-06T01:16:58+00:00","dateModified":"2019-12-26T13:56:01+00:00","breadcrumb":{"@id":"https:\/\/www.engeblock.com.br\/viver-bem\/empresa\/#breadcrumb"},"inLanguage":"pt-BR","potentialAction":[{"@type":"ReadAction","target":["https:\/\/www.engeblock.com.br\/viver-bem\/empresa\/"]}]},{"@type":"ImageObject","inLanguage":"pt-BR","@id":"https:\/\/www.engeblock.com.br\/viver-bem\/empresa\/#primaryimage","url":"https:\/\/engeblock.com.br\/planejamento-e-construcao\/wp-content\/uploads\/sites\/2\/2018\/04\/Mapa.png","contentUrl":"https:\/\/engeblock.com.br\/planejamento-e-construcao\/wp-content\/uploads\/sites\/2\/2018\/04\/Mapa.png"},{"@type":"BreadcrumbList","@id":"https:\/\/www.engeblock.com.br\/viver-bem\/empresa\/#breadcrumb","itemListElement":[{"@type":"ListItem","position":1,"name":"In\u00edcio","item":"https:\/\/www.engeblock.com.br\/viver-bem\/"},{"@type":"ListItem","position":2,"name":"EMPRESA"}]},{"@type":"WebSite","@id":"https:\/\/www.engeblock.com.br\/viver-bem\/#website","url":"https:\/\/www.engeblock.com.br\/viver-bem\/","name":"Engeblock - Viver Bem","description":"","potentialAction":[{"@type":"SearchAction","target":{"@type":"EntryPoint","urlTemplate":"https:\/\/www.engeblock.com.br\/viver-bem\/?s={search_term_string}"},"query-input":{"@type":"PropertyValueSpecification","valueRequired":true,"valueName":"search_term_string"}}],"inLanguage":"pt-BR"}]}},"builder_content":"<h2 style=\"text-align: left;\">O nosso progresso<\/h2><p style=\"text-align: left;\">Fundada em 1998 e constru\u00edda diariamente com a satisfa\u00e7\u00e3o dos seus clientes. Em nossos 20 anos de experi\u00eancia, as mais de 60 grandes obras executadas e mais de 100 projetos conclu\u00eddos nos tornam refer\u00eancia de qualidade, comprometimento, responsabilidade social e ambiental no mercado da constru\u00e7\u00e3o civil.<\/p>\n<img decoding=\"async\" src=\"http:\/\/engeblock.com.br\/planejamento-e-construcao\/wp-content\/uploads\/sites\/2\/2018\/04\/Mapa.png\" alt=\"EMPRESA\" \/>\n<img decoding=\"async\" src=\"http:\/\/engeblock.com.br\/planejamento-e-construcao\/wp-content\/uploads\/sites\/2\/2018\/04\/Logo-ISO.png\" width=\"120\" alt=\"EMPRESA\" \/>\n<img decoding=\"async\" src=\"http:\/\/engeblock.com.br\/planejamento-e-construcao\/wp-content\/uploads\/sites\/2\/2018\/04\/Logo-PBQPH.png\" width=\"120\" alt=\"EMPRESA\" \/>\n<h2>Nossa qualidade faz a sua obra<\/h2> <p>A estrutura de nosso ambiente tecnol\u00f3gico, de gest\u00e3o e a satisfa\u00e7\u00e3o de nossos clientes garantem \u00e0 empresa as certifica\u00e7\u00f5es ISO9001 e PBQP-H n\u00edvel A, o mais alto do programa, com as categorias: Organiza\u00e7\u00e3o de recursos humanos gest\u00e3o da qualidade da edifica\u00e7\u00e3o, gest\u00e3o de suprimentos, gest\u00e3o da informa\u00e7\u00e3o e gest\u00e3o de projetos.<\/p>\n<img decoding=\"async\" src=\"http:\/\/engeblock.com.br\/planejamento-e-construcao\/wp-content\/uploads\/sites\/2\/2018\/04\/Logo-ISO.png\" width=\"250\" alt=\"EMPRESA\" \/>\n<img decoding=\"async\" src=\"http:\/\/engeblock.com.br\/planejamento-e-construcao\/wp-content\/uploads\/sites\/2\/2018\/04\/Logo-PBQPH.png\" width=\"300\" alt=\"EMPRESA\" \/>\n<h2>Nossa qualidade faz a sua obra<\/h2><p>A estrutura de nosso ambiente tecnol\u00f3gico, de gest\u00e3o e a satisfa\u00e7\u00e3o de nossos clientes<br \/>garantem \u00e0 empresa as certifica\u00e7\u00f5es ISO9001 e PBQP-H n\u00edvel A, o mais alto do<br \/>programa, com as categorias: Organiza\u00e7\u00e3o de recursos humanos gest\u00e3o da qualidade da<br \/>edifica\u00e7\u00e3o, gest\u00e3o de suprimentos, gest\u00e3o da informa\u00e7\u00e3o e gest\u00e3o de projetos.<\/p>\n<h2 style=\"text-align: left;\">Aliar a reinven\u00e7\u00e3o di\u00e1ria com a solidez da experi\u00eancia<\/h2> <p style=\"text-align: left;\">A realiza\u00e7\u00e3o de investimentos s\u00f3lidos com exemplar qualidade de acabamento aliada \u00e0\u00a0constante busca por novas tecnologias de produ\u00e7\u00e3o \u00e9 o que nos motiva a crescer\u00a0diariamente.<\/p>\n<img decoding=\"async\" src=\"http:\/\/engeblock.com.br\/planejamento-e-construcao\/wp-content\/uploads\/sites\/2\/2018\/06\/PNG-01.png\" alt=\"EMPRESA\" \/>\n<img decoding=\"async\" src=\"http:\/\/engeblock.com.br\/planejamento-e-construcao\/wp-content\/uploads\/sites\/2\/2018\/07\/engeblock_pita-x7.png\" width=\"400\" alt=\"EMPRESA\" \/>\n<h2 style=\"text-align: center;\">Conhe\u00e7a nossos empreendimentos<\/h2>\n<a href=\"http:\/\/www.engeblock.com.br\/viver-bem\/residencial-joao-martins\/\" > BAIXAR PORTIF\u00d3LIO <\/a>\n<a href=\"http:\/\/themify.me\/\" > Learn More <\/a>","_links":{"self":[{"href":"https:\/\/www.engeblock.com.br\/viver-bem\/wp-json\/wp\/v2\/pages\/521","targetHints":{"allow":["GET"]}}],"collection":[{"href":"https:\/\/www.engeblock.com.br\/viver-bem\/wp-json\/wp\/v2\/pages"}],"about":[{"href":"https:\/\/www.engeblock.com.br\/viver-bem\/wp-json\/wp\/v2\/types\/page"}],"author":[{"embeddable":true,"href":"https:\/\/www.engeblock.com.br\/viver-bem\/wp-json\/wp\/v2\/users\/1"}],"replies":[{"embeddable":true,"href":"https:\/\/www.engeblock.com.br\/viver-bem\/wp-json\/wp\/v2\/comments?post=521"}],"version-history":[{"count":23,"href":"https:\/\/www.engeblock.com.br\/viver-bem\/wp-json\/wp\/v2\/pages\/521\/revisions"}],"predecessor-version":[{"id":944,"href":"https:\/\/www.engeblock.com.br\/viver-bem\/wp-json\/wp\/v2\/pages\/521\/revisions\/944"}],"wp:attachment":[{"href":"https:\/\/www.engeblock.com.br\/viver-bem\/wp-json\/wp\/v2\/media?parent=521"}],"curies":[{"name":"wp","href":"https:\/\/api.w.org\/{rel}","templated":true}]}}