{"id":2,"date":"2018-02-20T14:03:59","date_gmt":"2018-02-20T17:03:59","guid":{"rendered":"http:\/\/engeblock.com.br\/viver-bem\/?page_id=2"},"modified":"2019-12-26T10:06:23","modified_gmt":"2019-12-26T12:06:23","slug":"home","status":"publish","type":"page","link":"https:\/\/www.engeblock.com.br\/viver-bem\/","title":{"rendered":"HOME"},"content":{"rendered":"<div id=\"themify_builder_content-2\" data-postid=\"2\" class=\"themify_builder_content themify_builder_content-2 themify_builder\">\n    \t<!-- module_row -->\n\t<div   class=\"themify_builder_row module_row clearfix fullcover fullwidth module_row_0 themify_builder_2_row module_row_2-0 tb_wqzg175 hide-mobile\">\n\t    \t    <div class=\"row_inner col_align_top\" >\n\t\t\t<div  class=\"module_column tb-column col4-2 first tb_2_column module_column_0 module_column_2-0-0 tb_pu7k050\">\n\t    \t    \t        <div class=\"tb-column-inner\">\n\t\t        <!-- module image -->\n    <div  class=\"module module-image tb_ycnk006  image-center   wow bounceIn\">\n\t                <div class=\"image-wrap\">\n                            <img decoding=\"async\" src=\"http:\/\/engeblock.com.br\/viver-bem\/wp-content\/uploads\/sites\/3\/2018\/06\/Logo-Viver-Bem.png\" width=\"290\" alt=\"HOME\" \/>            \n                        <\/div>\n            <!-- \/image-wrap -->\n        \n        \n        <\/div>\n    <!-- \/module image -->\n\t        <\/div>\n\t    \t<\/div>\n\t\t<div  class=\"module_column tb-column col4-2 last tb_2_column module_column_1 module_column_2-0-1 tb_aswu577\">\n\t    \t    \t<\/div>\n\t\t    <\/div>\n\t    <!-- \/row_inner -->\n\t<\/div>\n\t<!-- \/module_row -->\n\t\t<!-- module_row -->\n\t<div   class=\"themify_builder_row module_row clearfix fullcover fullwidth module_row_1 themify_builder_2_row module_row_2-1 tb_roed002 hide-desktop hide-tablet\">\n\t    \t    <div class=\"row_inner col_align_top\"   data-basecol=\"2\" data-col_mobile=\"column4-2\">\n\t\t\t<div  class=\"module_column tb-column col4-2 first tb_2_column module_column_0 module_column_2-1-0 tb_u6z9542\">\n\t    \t    \t        <div class=\"tb-column-inner\">\n\t\t        <!-- module image -->\n    <div  class=\"module module-image tb_pcce055  image-center viverbem  wow bounceIn\">\n\t                <div class=\"image-wrap\">\n                            <img decoding=\"async\" src=\"http:\/\/engeblock.com.br\/viver-bem\/wp-content\/uploads\/sites\/3\/2018\/06\/Logo-Viver-Bem.png\" width=\"120\" alt=\"HOME\" \/>            \n                        <\/div>\n            <!-- \/image-wrap -->\n        \n        \n        <\/div>\n    <!-- \/module image -->\n\t        <\/div>\n\t    \t<\/div>\n\t\t<div  class=\"module_column tb-column col4-2 last tb_2_column module_column_1 module_column_2-1-1 tb_9h99299\">\n\t    \t    \t<\/div>\n\t\t    <\/div>\n\t    <!-- \/row_inner -->\n\t<\/div>\n\t<!-- \/module_row -->\n\t\t<!-- module_row -->\n\t<div   class=\"themify_builder_row module_row clearfix repeat module_row_2 themify_builder_2_row module_row_2-2 tb_gwwx760\">\n\t    \t    <div class=\"row_inner col_align_top\" >\n\t\t\t<div  class=\"module_column tb-column col3-1 first tb_2_column module_column_0 module_column_2-2-0 tb_6ubr606\">\n\t    \t    \t        <div class=\"tb-column-inner\">\n\t\t        <!-- module image -->\n    <div  class=\"module module-image tb_7o0m606  image-center   wow fadeInUp animation_effect_delay_0.2\">\n\t                <div class=\"image-wrap\">\n                            <a href=\"http:\/\/www.engeblock.com.br\/viver-bem\/residencial-joao-martins\/\"\n                                      >\n                                           <img decoding=\"async\" src=\"http:\/\/www.engeblock.com.br\/viver-bem\/wp-content\/uploads\/sites\/3\/2018\/06\/JM1-1-638x1024-300x481.png\" width=\"300\" class=\" wp-post-image wp-image-532\" alt=\"JM1\" srcset=\"https:\/\/www.engeblock.com.br\/viver-bem\/wp-content\/uploads\/sites\/3\/2018\/06\/JM1-1-638x1024-300x481.png 300w, https:\/\/www.engeblock.com.br\/viver-bem\/wp-content\/uploads\/sites\/3\/2018\/06\/JM1-1-187x300.png 187w, https:\/\/www.engeblock.com.br\/viver-bem\/wp-content\/uploads\/sites\/3\/2018\/06\/JM1-1-768x1233.png 768w, https:\/\/www.engeblock.com.br\/viver-bem\/wp-content\/uploads\/sites\/3\/2018\/06\/JM1-1-638x1024.png 638w, https:\/\/www.engeblock.com.br\/viver-bem\/wp-content\/uploads\/sites\/3\/2018\/06\/JM1-1.png 1514w\" sizes=\"(max-width: 300px) 100vw, 300px\" \/>                <\/a>\n            \n                        <\/div>\n            <!-- \/image-wrap -->\n        \n        \n        <\/div>\n    <!-- \/module image -->\n\t        <\/div>\n\t    \t<\/div>\n\t\t<div  class=\"module_column tb-column col3-1 middle tb_2_column module_column_1 module_column_2-2-1 tb_wj5v601\">\n\t    \t    \t        <div class=\"tb-column-inner\">\n\t\t        <!-- module image -->\n    <div  class=\"module module-image tb_hrfn707  image-center   wow fadeInUp animation_effect_delay_0.4\">\n\t                <div class=\"image-wrap\">\n                            <a href=\"http:\/\/www.engeblock.com.br\/viver-bem\/residencial-viva\/\"\n                                      >\n                                           <img decoding=\"async\" src=\"http:\/\/www.engeblock.com.br\/viver-bem\/wp-content\/uploads\/sites\/3\/2018\/06\/VIVA1-1-638x1024-300x481.png\" width=\"300\" class=\" wp-post-image wp-image-533\" alt=\"VIVA1\" srcset=\"https:\/\/www.engeblock.com.br\/viver-bem\/wp-content\/uploads\/sites\/3\/2018\/06\/VIVA1-1-638x1024-300x481.png 300w, https:\/\/www.engeblock.com.br\/viver-bem\/wp-content\/uploads\/sites\/3\/2018\/06\/VIVA1-1-187x300.png 187w, https:\/\/www.engeblock.com.br\/viver-bem\/wp-content\/uploads\/sites\/3\/2018\/06\/VIVA1-1-768x1233.png 768w, https:\/\/www.engeblock.com.br\/viver-bem\/wp-content\/uploads\/sites\/3\/2018\/06\/VIVA1-1-638x1024.png 638w, https:\/\/www.engeblock.com.br\/viver-bem\/wp-content\/uploads\/sites\/3\/2018\/06\/VIVA1-1.png 1514w\" sizes=\"(max-width: 300px) 100vw, 300px\" \/>                <\/a>\n            \n                        <\/div>\n            <!-- \/image-wrap -->\n        \n        \n        <\/div>\n    <!-- \/module image -->\n\t        <\/div>\n\t    \t<\/div>\n\t\t<div  class=\"module_column tb-column col3-1 last tb_2_column module_column_2 module_column_2-2-2 tb_fs3c701\">\n\t    \t    \t        <div class=\"tb-column-inner\">\n\t\t        <!-- module image -->\n    <div  class=\"module module-image tb_twar730  image-center   wow fadeInUp\">\n\t                <div class=\"image-wrap\">\n                            <a href=\"http:\/\/www.engeblock.com.br\/viver-bem\/residencial-incanto\/\"\n                                      >\n                                           <img decoding=\"async\" src=\"http:\/\/www.engeblock.com.br\/viver-bem\/wp-content\/uploads\/sites\/3\/2018\/06\/INCANTO1-1-638x1024-300x481.png\" width=\"300\" class=\" wp-post-image wp-image-531\" alt=\"INCANTO1\" srcset=\"https:\/\/www.engeblock.com.br\/viver-bem\/wp-content\/uploads\/sites\/3\/2018\/06\/INCANTO1-1-638x1024-300x481.png 300w, https:\/\/www.engeblock.com.br\/viver-bem\/wp-content\/uploads\/sites\/3\/2018\/06\/INCANTO1-1-187x300.png 187w, https:\/\/www.engeblock.com.br\/viver-bem\/wp-content\/uploads\/sites\/3\/2018\/06\/INCANTO1-1-768x1233.png 768w, https:\/\/www.engeblock.com.br\/viver-bem\/wp-content\/uploads\/sites\/3\/2018\/06\/INCANTO1-1-638x1024.png 638w, https:\/\/www.engeblock.com.br\/viver-bem\/wp-content\/uploads\/sites\/3\/2018\/06\/INCANTO1-1.png 1514w\" sizes=\"(max-width: 300px) 100vw, 300px\" \/>                <\/a>\n            \n                        <\/div>\n            <!-- \/image-wrap -->\n        \n        \n        <\/div>\n    <!-- \/module image -->\n\t        <\/div>\n\t    \t<\/div>\n\t\t    <\/div>\n\t    <!-- \/row_inner -->\n\t<\/div>\n\t<!-- \/module_row -->\n\t\t<!-- module_row -->\n\t<div   class=\"themify_builder_row module_row clearfix builder-parallax-scrolling fullwidth_row_container module_row_3 themify_builder_2_row module_row_2-3 tb_ttkg000\">\n\t    \t    <div class=\"row_inner col_align_middle\" >\n\t\t\t<div  class=\"module_column tb-column col-full first tb_2_column module_column_0 module_column_2-3-0 tb_jcnq330\">\n\t    \t    \t        <div class=\"tb-column-inner\">\n\t\t    <!-- module text -->\n<div  class=\"module module-text tb_xk63060  repeat  wow fadeIn \">\n            <div  class=\"tb_text_wrap\">\n    <h2 style=\"text-align: center; color:#2f98cc; font-weight: bold;\">Um projeto de qualidade de vida em Obras Imobili\u00e1rias<\/h2>\n<p style=\"color: #000; font-weight: bold; text-align: center; font-size: 21px;\">Dimens\u00f5es confort\u00e1veis, ilumina\u00e7\u00e3o e ventila\u00e7\u00e3o naturais nos ambientes, aliados ao cuidado em cada detalhe de acabamento.<\/p>\n    <\/div>\n<\/div>\n<!-- \/module text -->\n\t        <\/div>\n\t    \t<\/div>\n\t\t    <\/div>\n\t    <!-- \/row_inner -->\n\t<\/div>\n\t<!-- \/module_row -->\n\t\t<!-- module_row -->\n\t<div   class=\"themify_builder_row module_row clearfix repeat fullwidth module_row_4 themify_builder_2_row module_row_2-4 tb_5vpp060\">\n\t    \t    <div class=\"row_inner col_align_top gutter-none\" >\n\t\t\t<div  class=\"module_column tb-column col3-1 first tb_2_column module_column_0 module_column_2-4-0 tb_jf02570 fullcover\" >\n\t    \t    \t<\/div>\n\t\t<div  class=\"module_column tb-column col3-1 middle tb_2_column module_column_1 module_column_2-4-1 tb_si01270 repeat-none\" >\n\t    \t    \t        <div class=\"tb-column-inner\">\n\t\t    <!-- module text -->\n<div  class=\"module module-text tb_3xdr072  repeat  \">\n            <div  class=\"tb_text_wrap\">\n    <h2 style=\"text-align: center;\"><strong>POL\u00cdTICA DE QUALIDADE<\/strong><\/h2>\n<p style=\"margin-left: 15px; margin-right: 15px; font-size: 20px; text-align: center;\">As certifica\u00e7\u00f5es PBQP-H e ISO 9001 avaliam<br \/>a estrutura\u00e7\u00e3o do ambiente tecnol\u00f3gico, ambiente de gest\u00e3o e a satisfa\u00e7\u00e3o do cliente.<\/p>\n<p style=\"margin-left: 15px; margin-right: 15px; font-size: 20px; text-align: center;\">A empresa foi certificada em PBPQ-H N\u00edvel A, o mais alto do programa, com as categorias:<\/p>\n<p style=\"margin-left: 15px; margin-right: 15px; font-size: 20px; text-align: center;\">Organiza\u00e7\u00f5es de recursos humanos; Gest\u00e3o de qualidade da edifica\u00e7\u00e3o; Gest\u00e3o das informa\u00e7\u00f5es e dos fluxos de produ\u00e7\u00e3o; Gest\u00e3o de Projetos.<\/p>\n<p style=\"text-align: center;\">_____________________________________________<\/p>\n<p style=\"margin-left: 15px; margin-right: 15px; font-size: 20px; text-align: center;\">Empresa signat\u00e1ria \u00e0 Rede Brasileira do Pacto Global de direitos humanos, rela\u00e7\u00f5es de trabalho, meio ambiente e combate \u00e0 corrup\u00e7\u00e3o.<\/p>\n<p>\u00a0<\/p>\n<div class=\"img-poli\">\n<div class=\"img-pbqp\">\n<p>\u00a0 \u00a0 \u00a0 \u00a0 \u00a0<img loading=\"lazy\" decoding=\"async\" src=\"http:\/\/engeblock.com.br\/planejamento-e-construcao\/wp-content\/uploads\/sites\/2\/2018\/04\/Logo-PBQPH.png\" width=\"198\" height=\"72\" \/><\/p>\n<\/div>\n<div class=\"img-certified\">\u00a0 \u00a0 \u00a0 \u00a0\u00a0<img loading=\"lazy\" decoding=\"async\" src=\"http:\/\/engeblock.com.br\/planejamento-e-construcao\/wp-content\/uploads\/sites\/2\/2018\/04\/Logo-ISO.png\" width=\"152\" height=\"68\" \/>\u00a0\u00a0<\/div>\n<\/div>\n<div>\u00a0<\/div>\n<div><img loading=\"lazy\" decoding=\"async\" class=\"aligncenter\" src=\"https:\/\/loreal-dam-front-corp-en-cdn.damdy.com\/ressources\/afile\/1533-f8ab3-picture_photo-the-global-compact-we-support-logo.jpg\" alt=\"Resultado de imagem para global compact logo\" width=\"348\" height=\"196\" \/><\/div>\n<div class=\"img-poli\">\n<div>\u00a0<\/div>\n<\/div>    <\/div>\n<\/div>\n<!-- \/module text -->\n\t        <\/div>\n\t    \t<\/div>\n\t\t<div  class=\"module_column tb-column col3-1 last tb_2_column module_column_2 module_column_2-4-2 tb_00gw257 fullcover\" >\n\t    \t    \t<\/div>\n\t\t    <\/div>\n\t    <!-- \/row_inner -->\n\t<\/div>\n\t<!-- \/module_row -->\n\t<\/div>\n\n","protected":false},"excerpt":{"rendered":"<p>Um projeto de qualidade de vida em Obras Imobili\u00e1rias Dimens\u00f5es confort\u00e1veis, ilumina\u00e7\u00e3o e ventila\u00e7\u00e3o naturais nos ambientes, aliados ao cuidado em cada detalhe de acabamento. POL\u00cdTICA DE QUALIDADE As certifica\u00e7\u00f5es PBQP-H e ISO 9001 avaliama estrutura\u00e7\u00e3o do ambiente tecnol\u00f3gico, ambiente de gest\u00e3o e a satisfa\u00e7\u00e3o do cliente. A empresa foi certificada em PBPQ-H N\u00edvel A, [&hellip;]<\/p>\n","protected":false},"author":1,"featured_media":0,"parent":0,"menu_order":0,"comment_status":"closed","ping_status":"open","template":"","meta":{"footnotes":""},"class_list":["post-2","page","type-page","status-publish","hentry","has-post-title","has-post-date","has-post-category","has-post-tag","has-post-comment","has-post-author",""],"yoast_head":"<!-- This site is optimized with the Yoast SEO plugin v23.4 - https:\/\/yoast.com\/wordpress\/plugins\/seo\/ -->\n<title>HOME - Engeblock - Viver Bem<\/title>\n<meta name=\"robots\" content=\"index, follow, max-snippet:-1, max-image-preview:large, max-video-preview:-1\" \/>\n<link rel=\"canonical\" href=\"https:\/\/www.engeblock.com.br\/viver-bem\/\" \/>\n<meta property=\"og:locale\" content=\"pt_BR\" \/>\n<meta property=\"og:type\" content=\"article\" \/>\n<meta property=\"og:title\" content=\"HOME - Engeblock - Viver Bem\" \/>\n<meta property=\"og:description\" content=\"Um projeto de qualidade de vida em Obras Imobili\u00e1rias Dimens\u00f5es confort\u00e1veis, ilumina\u00e7\u00e3o e ventila\u00e7\u00e3o naturais nos ambientes, aliados ao cuidado em cada detalhe de acabamento. POL\u00cdTICA DE QUALIDADE As certifica\u00e7\u00f5es PBQP-H e ISO 9001 avaliama estrutura\u00e7\u00e3o do ambiente tecnol\u00f3gico, ambiente de gest\u00e3o e a satisfa\u00e7\u00e3o do cliente. A empresa foi certificada em PBPQ-H N\u00edvel A, [&hellip;]\" \/>\n<meta property=\"og:url\" content=\"https:\/\/www.engeblock.com.br\/viver-bem\/\" \/>\n<meta property=\"og:site_name\" content=\"Engeblock - Viver Bem\" \/>\n<meta property=\"article:modified_time\" content=\"2019-12-26T12:06:23+00:00\" \/>\n<meta property=\"og:image\" content=\"https:\/\/engeblock.com.br\/viver-bem\/wp-content\/uploads\/sites\/3\/2018\/06\/Logo-Viver-Bem.png\" \/>\n<meta name=\"twitter:card\" content=\"summary_large_image\" \/>\n<meta name=\"twitter:label1\" content=\"Est. tempo de leitura\" \/>\n\t<meta name=\"twitter:data1\" content=\"1 minuto\" \/>\n<script type=\"application\/ld+json\" class=\"yoast-schema-graph\">{\"@context\":\"https:\/\/schema.org\",\"@graph\":[{\"@type\":\"WebPage\",\"@id\":\"https:\/\/www.engeblock.com.br\/viver-bem\/\",\"url\":\"https:\/\/www.engeblock.com.br\/viver-bem\/\",\"name\":\"HOME - Engeblock - Viver Bem\",\"isPartOf\":{\"@id\":\"https:\/\/www.engeblock.com.br\/viver-bem\/#website\"},\"primaryImageOfPage\":{\"@id\":\"https:\/\/www.engeblock.com.br\/viver-bem\/#primaryimage\"},\"image\":{\"@id\":\"https:\/\/www.engeblock.com.br\/viver-bem\/#primaryimage\"},\"thumbnailUrl\":\"https:\/\/engeblock.com.br\/viver-bem\/wp-content\/uploads\/sites\/3\/2018\/06\/Logo-Viver-Bem.png\",\"datePublished\":\"2018-02-20T17:03:59+00:00\",\"dateModified\":\"2019-12-26T12:06:23+00:00\",\"breadcrumb\":{\"@id\":\"https:\/\/www.engeblock.com.br\/viver-bem\/#breadcrumb\"},\"inLanguage\":\"pt-BR\",\"potentialAction\":[{\"@type\":\"ReadAction\",\"target\":[\"https:\/\/www.engeblock.com.br\/viver-bem\/\"]}]},{\"@type\":\"ImageObject\",\"inLanguage\":\"pt-BR\",\"@id\":\"https:\/\/www.engeblock.com.br\/viver-bem\/#primaryimage\",\"url\":\"https:\/\/engeblock.com.br\/viver-bem\/wp-content\/uploads\/sites\/3\/2018\/06\/Logo-Viver-Bem.png\",\"contentUrl\":\"https:\/\/engeblock.com.br\/viver-bem\/wp-content\/uploads\/sites\/3\/2018\/06\/Logo-Viver-Bem.png\"},{\"@type\":\"BreadcrumbList\",\"@id\":\"https:\/\/www.engeblock.com.br\/viver-bem\/#breadcrumb\",\"itemListElement\":[{\"@type\":\"ListItem\",\"position\":1,\"name\":\"In\u00edcio\",\"item\":\"https:\/\/www.engeblock.com.br\/viver-bem\/\"},{\"@type\":\"ListItem\",\"position\":2,\"name\":\"HOME\"}]},{\"@type\":\"WebSite\",\"@id\":\"https:\/\/www.engeblock.com.br\/viver-bem\/#website\",\"url\":\"https:\/\/www.engeblock.com.br\/viver-bem\/\",\"name\":\"Engeblock - Viver Bem\",\"description\":\"\",\"potentialAction\":[{\"@type\":\"SearchAction\",\"target\":{\"@type\":\"EntryPoint\",\"urlTemplate\":\"https:\/\/www.engeblock.com.br\/viver-bem\/?s={search_term_string}\"},\"query-input\":{\"@type\":\"PropertyValueSpecification\",\"valueRequired\":true,\"valueName\":\"search_term_string\"}}],\"inLanguage\":\"pt-BR\"}]}<\/script>\n<!-- \/ Yoast SEO plugin. -->","yoast_head_json":{"title":"HOME - Engeblock - Viver Bem","robots":{"index":"index","follow":"follow","max-snippet":"max-snippet:-1","max-image-preview":"max-image-preview:large","max-video-preview":"max-video-preview:-1"},"canonical":"https:\/\/www.engeblock.com.br\/viver-bem\/","og_locale":"pt_BR","og_type":"article","og_title":"HOME - Engeblock - Viver Bem","og_description":"Um projeto de qualidade de vida em Obras Imobili\u00e1rias Dimens\u00f5es confort\u00e1veis, ilumina\u00e7\u00e3o e ventila\u00e7\u00e3o naturais nos ambientes, aliados ao cuidado em cada detalhe de acabamento. POL\u00cdTICA DE QUALIDADE As certifica\u00e7\u00f5es PBQP-H e ISO 9001 avaliama estrutura\u00e7\u00e3o do ambiente tecnol\u00f3gico, ambiente de gest\u00e3o e a satisfa\u00e7\u00e3o do cliente. A empresa foi certificada em PBPQ-H N\u00edvel A, [&hellip;]","og_url":"https:\/\/www.engeblock.com.br\/viver-bem\/","og_site_name":"Engeblock - Viver Bem","article_modified_time":"2019-12-26T12:06:23+00:00","og_image":[{"url":"https:\/\/engeblock.com.br\/viver-bem\/wp-content\/uploads\/sites\/3\/2018\/06\/Logo-Viver-Bem.png"}],"twitter_card":"summary_large_image","twitter_misc":{"Est. tempo de leitura":"1 minuto"},"schema":{"@context":"https:\/\/schema.org","@graph":[{"@type":"WebPage","@id":"https:\/\/www.engeblock.com.br\/viver-bem\/","url":"https:\/\/www.engeblock.com.br\/viver-bem\/","name":"HOME - Engeblock - Viver Bem","isPartOf":{"@id":"https:\/\/www.engeblock.com.br\/viver-bem\/#website"},"primaryImageOfPage":{"@id":"https:\/\/www.engeblock.com.br\/viver-bem\/#primaryimage"},"image":{"@id":"https:\/\/www.engeblock.com.br\/viver-bem\/#primaryimage"},"thumbnailUrl":"https:\/\/engeblock.com.br\/viver-bem\/wp-content\/uploads\/sites\/3\/2018\/06\/Logo-Viver-Bem.png","datePublished":"2018-02-20T17:03:59+00:00","dateModified":"2019-12-26T12:06:23+00:00","breadcrumb":{"@id":"https:\/\/www.engeblock.com.br\/viver-bem\/#breadcrumb"},"inLanguage":"pt-BR","potentialAction":[{"@type":"ReadAction","target":["https:\/\/www.engeblock.com.br\/viver-bem\/"]}]},{"@type":"ImageObject","inLanguage":"pt-BR","@id":"https:\/\/www.engeblock.com.br\/viver-bem\/#primaryimage","url":"https:\/\/engeblock.com.br\/viver-bem\/wp-content\/uploads\/sites\/3\/2018\/06\/Logo-Viver-Bem.png","contentUrl":"https:\/\/engeblock.com.br\/viver-bem\/wp-content\/uploads\/sites\/3\/2018\/06\/Logo-Viver-Bem.png"},{"@type":"BreadcrumbList","@id":"https:\/\/www.engeblock.com.br\/viver-bem\/#breadcrumb","itemListElement":[{"@type":"ListItem","position":1,"name":"In\u00edcio","item":"https:\/\/www.engeblock.com.br\/viver-bem\/"},{"@type":"ListItem","position":2,"name":"HOME"}]},{"@type":"WebSite","@id":"https:\/\/www.engeblock.com.br\/viver-bem\/#website","url":"https:\/\/www.engeblock.com.br\/viver-bem\/","name":"Engeblock - Viver Bem","description":"","potentialAction":[{"@type":"SearchAction","target":{"@type":"EntryPoint","urlTemplate":"https:\/\/www.engeblock.com.br\/viver-bem\/?s={search_term_string}"},"query-input":{"@type":"PropertyValueSpecification","valueRequired":true,"valueName":"search_term_string"}}],"inLanguage":"pt-BR"}]}},"builder_content":"<img decoding=\"async\" src=\"http:\/\/engeblock.com.br\/viver-bem\/wp-content\/uploads\/sites\/3\/2018\/06\/Logo-Viver-Bem.png\" width=\"290\" alt=\"HOME\" \/>\n<img decoding=\"async\" src=\"http:\/\/engeblock.com.br\/viver-bem\/wp-content\/uploads\/sites\/3\/2018\/06\/Logo-Viver-Bem.png\" width=\"120\" alt=\"HOME\" \/>\n<a href=\"http:\/\/www.engeblock.com.br\/viver-bem\/residencial-joao-martins\/\" > <img decoding=\"async\" src=\"http:\/\/www.engeblock.com.br\/viver-bem\/wp-content\/uploads\/sites\/3\/2018\/06\/JM1-1-638x1024-300x481.png\" width=\"300\" alt=\"JM1\" srcset=\"https:\/\/www.engeblock.com.br\/viver-bem\/wp-content\/uploads\/sites\/3\/2018\/06\/JM1-1-638x1024-300x481.png 300w, https:\/\/www.engeblock.com.br\/viver-bem\/wp-content\/uploads\/sites\/3\/2018\/06\/JM1-1-187x300.png 187w, https:\/\/www.engeblock.com.br\/viver-bem\/wp-content\/uploads\/sites\/3\/2018\/06\/JM1-1-768x1233.png 768w, https:\/\/www.engeblock.com.br\/viver-bem\/wp-content\/uploads\/sites\/3\/2018\/06\/JM1-1-638x1024.png 638w, https:\/\/www.engeblock.com.br\/viver-bem\/wp-content\/uploads\/sites\/3\/2018\/06\/JM1-1.png 1514w\" sizes=\"(max-width: 300px) 100vw, 300px\" \/> <\/a>\n<a href=\"http:\/\/www.engeblock.com.br\/viver-bem\/residencial-viva\/\" > <img decoding=\"async\" src=\"http:\/\/www.engeblock.com.br\/viver-bem\/wp-content\/uploads\/sites\/3\/2018\/06\/VIVA1-1-638x1024-300x481.png\" width=\"300\" alt=\"VIVA1\" srcset=\"https:\/\/www.engeblock.com.br\/viver-bem\/wp-content\/uploads\/sites\/3\/2018\/06\/VIVA1-1-638x1024-300x481.png 300w, https:\/\/www.engeblock.com.br\/viver-bem\/wp-content\/uploads\/sites\/3\/2018\/06\/VIVA1-1-187x300.png 187w, https:\/\/www.engeblock.com.br\/viver-bem\/wp-content\/uploads\/sites\/3\/2018\/06\/VIVA1-1-768x1233.png 768w, https:\/\/www.engeblock.com.br\/viver-bem\/wp-content\/uploads\/sites\/3\/2018\/06\/VIVA1-1-638x1024.png 638w, https:\/\/www.engeblock.com.br\/viver-bem\/wp-content\/uploads\/sites\/3\/2018\/06\/VIVA1-1.png 1514w\" sizes=\"(max-width: 300px) 100vw, 300px\" \/> <\/a>\n<a href=\"http:\/\/www.engeblock.com.br\/viver-bem\/residencial-incanto\/\" > <img decoding=\"async\" src=\"http:\/\/www.engeblock.com.br\/viver-bem\/wp-content\/uploads\/sites\/3\/2018\/06\/INCANTO1-1-638x1024-300x481.png\" width=\"300\" alt=\"INCANTO1\" srcset=\"https:\/\/www.engeblock.com.br\/viver-bem\/wp-content\/uploads\/sites\/3\/2018\/06\/INCANTO1-1-638x1024-300x481.png 300w, https:\/\/www.engeblock.com.br\/viver-bem\/wp-content\/uploads\/sites\/3\/2018\/06\/INCANTO1-1-187x300.png 187w, https:\/\/www.engeblock.com.br\/viver-bem\/wp-content\/uploads\/sites\/3\/2018\/06\/INCANTO1-1-768x1233.png 768w, https:\/\/www.engeblock.com.br\/viver-bem\/wp-content\/uploads\/sites\/3\/2018\/06\/INCANTO1-1-638x1024.png 638w, https:\/\/www.engeblock.com.br\/viver-bem\/wp-content\/uploads\/sites\/3\/2018\/06\/INCANTO1-1.png 1514w\" sizes=\"(max-width: 300px) 100vw, 300px\" \/> <\/a>\n<h2 style=\"text-align: center; color:#2f98cc; font-weight: bold;\">Um projeto de qualidade de vida em Obras Imobili\u00e1rias<\/h2> <p style=\"color: #000; font-weight: bold; text-align: center; font-size: 21px;\">Dimens\u00f5es confort\u00e1veis, ilumina\u00e7\u00e3o e ventila\u00e7\u00e3o naturais nos ambientes, aliados ao cuidado em cada detalhe de acabamento.<\/p>\n<h2 style=\"text-align: center;\"><strong>POL\u00cdTICA DE QUALIDADE<\/strong><\/h2> <p style=\"margin-left: 15px; margin-right: 15px; font-size: 20px; text-align: center;\">As certifica\u00e7\u00f5es PBQP-H e ISO 9001 avaliam<br \/>a estrutura\u00e7\u00e3o do ambiente tecnol\u00f3gico, ambiente de gest\u00e3o e a satisfa\u00e7\u00e3o do cliente.<\/p> <p style=\"margin-left: 15px; margin-right: 15px; font-size: 20px; text-align: center;\">A empresa foi certificada em PBPQ-H N\u00edvel A, o mais alto do programa, com as categorias:<\/p> <p style=\"margin-left: 15px; margin-right: 15px; font-size: 20px; text-align: center;\">Organiza\u00e7\u00f5es de recursos humanos; Gest\u00e3o de qualidade da edifica\u00e7\u00e3o; Gest\u00e3o das informa\u00e7\u00f5es e dos fluxos de produ\u00e7\u00e3o; Gest\u00e3o de Projetos.<\/p> <p style=\"text-align: center;\">_____________________________________________<\/p> <p style=\"margin-left: 15px; margin-right: 15px; font-size: 20px; text-align: center;\">Empresa signat\u00e1ria \u00e0 Rede Brasileira do Pacto Global de direitos humanos, rela\u00e7\u00f5es de trabalho, meio ambiente e combate \u00e0 corrup\u00e7\u00e3o.<\/p> <p>\u00a0<\/p>\n<p>\u00a0 \u00a0 \u00a0 \u00a0 \u00a0<img loading=\"lazy\" decoding=\"async\" src=\"http:\/\/engeblock.com.br\/planejamento-e-construcao\/wp-content\/uploads\/sites\/2\/2018\/04\/Logo-PBQPH.png\" width=\"198\" height=\"72\" \/><\/p>\n\u00a0 \u00a0 \u00a0 \u00a0\u00a0<img loading=\"lazy\" decoding=\"async\" src=\"http:\/\/engeblock.com.br\/planejamento-e-construcao\/wp-content\/uploads\/sites\/2\/2018\/04\/Logo-ISO.png\" width=\"152\" height=\"68\" \/>\u00a0\u00a0\n\u00a0 <img loading=\"lazy\" decoding=\"async\" src=\"https:\/\/loreal-dam-front-corp-en-cdn.damdy.com\/ressources\/afile\/1533-f8ab3-picture_photo-the-global-compact-we-support-logo.jpg\" alt=\"Resultado de imagem para global compact logo\" width=\"348\" height=\"196\" \/>\n\u00a0","_links":{"self":[{"href":"https:\/\/www.engeblock.com.br\/viver-bem\/wp-json\/wp\/v2\/pages\/2","targetHints":{"allow":["GET"]}}],"collection":[{"href":"https:\/\/www.engeblock.com.br\/viver-bem\/wp-json\/wp\/v2\/pages"}],"about":[{"href":"https:\/\/www.engeblock.com.br\/viver-bem\/wp-json\/wp\/v2\/types\/page"}],"author":[{"embeddable":true,"href":"https:\/\/www.engeblock.com.br\/viver-bem\/wp-json\/wp\/v2\/users\/1"}],"replies":[{"embeddable":true,"href":"https:\/\/www.engeblock.com.br\/viver-bem\/wp-json\/wp\/v2\/comments?post=2"}],"version-history":[{"count":151,"href":"https:\/\/www.engeblock.com.br\/viver-bem\/wp-json\/wp\/v2\/pages\/2\/revisions"}],"predecessor-version":[{"id":825,"href":"https:\/\/www.engeblock.com.br\/viver-bem\/wp-json\/wp\/v2\/pages\/2\/revisions\/825"}],"wp:attachment":[{"href":"https:\/\/www.engeblock.com.br\/viver-bem\/wp-json\/wp\/v2\/media?parent=2"}],"curies":[{"name":"wp","href":"https:\/\/api.w.org\/{rel}","templated":true}]}}