{"id":356,"date":"2018-03-23T10:49:43","date_gmt":"2018-03-23T13:49:43","guid":{"rendered":"http:\/\/www.engeblock.com.br\/planejamento-e-construcao\/?page_id=356"},"modified":"2019-11-29T21:34:59","modified_gmt":"2019-11-29T23:34:59","slug":"orcamento","status":"publish","type":"page","link":"https:\/\/www.engeblock.com.br\/planejamento-e-construcao\/orcamento\/","title":{"rendered":"OR\u00c7AMENTO"},"content":{"rendered":"<div id=\"themify_builder_content-356\" data-postid=\"356\" class=\"themify_builder_content themify_builder_content-356 themify_builder\">\n    \t<!-- module_row -->\n\t<div   class=\"themify_builder_row module_row clearfix repeat fullwidth module_row_0 themify_builder_356_row module_row_356-0 tb_ayii797\">\n\t    \t    <div class=\"row_inner col_align_top\" >\n\t\t\t<div  class=\"module_column tb-column col-full first tb_356_column module_column_0 module_column_356-0-0 tb_3bg3501\">\n\t    \t    \t        <div class=\"tb-column-inner\">\n\t\t    <!-- module text -->\n<div  class=\"module module-text tb_jm1k085  repeat  wow fadeIn \">\n            <div  class=\"tb_text_wrap\">\n    <h2 style=\"text-align: center; font-weight: bold; line-height:15px;\">SOLICITE UM OR\u00c7AMENTO!<\/h2>\n<h3 style=\"text-align: center;\">Entre em contato com a gente!<\/h3>\n    <\/div>\n<\/div>\n<!-- \/module text -->\n\t        <\/div>\n\t    \t<\/div>\n\t\t    <\/div>\n\t    <!-- \/row_inner -->\n\t<\/div>\n\t<!-- \/module_row -->\n\t\t<!-- module_row -->\n\t<div   class=\"themify_builder_row module_row clearfix fullcover module_row_1 themify_builder_356_row module_row_356-1 tb_meay181\">\n\t    \t    <div class=\"row_inner col_align_top\" >\n\t\t\t<div  class=\"module_column tb-column col-full first tb_356_column module_column_0 module_column_356-1-0 tb_aaja689\">\n\t    \t    \t        <div class=\"tb-column-inner\">\n\t\t    \t<div  class=\"themify_builder_sub_row module_subrow clearfix sub_row_1-0-0 tb_o4yh001\">\n\t    \t    <div class=\"subrow_inner col_align_top\"   data-basecol=\"3\" data-col_mobile=\"column-full\">\n\t\t\t<div style=\"width:13.1865%;\" class=\"sub_column module_column col4-1 first sub_column_post_356 sub_column_1-0-0-0 tb_eyen106\"> \n\t    \t    \t<\/div>\n\t\t<div style=\"width:67.2885%;\" class=\"sub_column module_column col4-2 middle sub_column_post_356 sub_column_1-0-0-1 tb_7noj880 repeat contact-form\" > \n\t    \t    \t        <div class=\"tb-column-inner\">\n\t\t    <script type=\"text\/javascript\">\n\t\t\t\t\t\t\t\t\tvar id =\"contact-css\";\n\t\t\t\t\t\t\t\t\tif(document.getElementById(id)===null){\n\t\t\t\t\t\t\t\t\t    var link = document.createElement(\"link\");\n\t\t\t\t\t\t\t\t\t    link.rel=\"stylesheet\";\n\t\t\t\t\t\t\t\t\t    link.type=\"text\/css\";\n\t\t\t\t\t\t\t\t\t    link.id=id;\n\t\t\t\t\t\t\t\t\t    link.href=\"https:\/\/www.engeblock.com.br\/planejamento-e-construcao\/wp-content\/plugins\/builder-contact\/assets\/style.css?ver=1.4.1\";\n\t\t\t\t\t\t\t\t\t    document.body.appendChild(link);\n\t\t\t\t\t\t\t\t\t}\n\t\t\t\t\t\t\t<\/script>    <!-- module contact -->\n    <div  id=\"contact-356-sub_row_1-0-0-1-0\" class=\"module module-contact contact-356-sub_row_1-0-0-1-0 contact-style1  wow fadeInUp  tb_u5cu095\">\n\t        \n        \n        <form action=\"https:\/\/www.engeblock.com.br\/planejamento-e-construcao\/wp-admin\/admin-ajax.php\" class=\"builder-contact\" id=\"contact-356-sub_row_1-0-0-1-0-form\" method=\"post\">\n            <div class=\"contact-message\"><\/div>\n\t    <div class=\"builder-contact-fields\">\n\t                    <div class=\"builder-contact-field builder-contact-field-name builder-contact-text-field\" data-order=\"0\">\n                    <label class=\"control-label\" for=\"contact-356-sub_row_1-0-0-1-0-contact-name\"><span class=\"tb-label-span\">Nome <\/span><\/label>\n                    <div class=\"control-input\">\n                        <input type=\"text\" name=\"contact-name\" placeholder=\"\" id=\"contact-356-sub_row_1-0-0-1-0-contact-name\" value=\"\" class=\"form-control\" \/>\n                    <\/div>\n                <\/div>\n\t    \t                    <div class=\"builder-contact-field builder-contact-field-email builder-contact-text-field\" data-order=\"1\">\n                    <label class=\"control-label\" for=\"contact-356-sub_row_1-0-0-1-0-contact-email\"><span class=\"tb-label-span\">E-mail <\/span><\/label>\n                    <div class=\"control-input\">\n                        <input type=\"text\" name=\"contact-email\" placeholder=\"\" id=\"contact-356-sub_row_1-0-0-1-0-contact-email\" value=\"\" class=\"form-control\"  \/>\n                    <\/div>\n                <\/div>\n\t    \t    \n\t\t\t\t    <div class=\"builder-contact-field builder-contact-field-message builder-contact-textarea-field\" data-order=\"5\">\n\t\t\t<label class=\"control-label\" for=\"contact-356-sub_row_1-0-0-1-0-contact-message\"><span class=\"tb-label-span\">Mensagem <\/span><span class=\"required\">*<\/span><\/label>\n\t\t\t<div class=\"control-input\">\n\t\t\t    <textarea name=\"contact-message\" placeholder=\"\" id=\"contact-356-sub_row_1-0-0-1-0-contact-message\" rows=\"8\" cols=\"45\" class=\"form-control\" required><\/textarea>\n\t\t\t<\/div>\n\t\t    <\/div>\n\t\t\n                                                                                    <div class=\"builder-contact-field builder-contact-field-extra builder-contact-text-field\" data-order=\"3\">\n                            <label class=\"control-label\" for=\"field_extra_0\">\n                                Telefone                                                                    <input type=\"hidden\" name=\"field_extra_name_0\" value=\"Telefone\"\/>\n                                                            <\/label>\n                            <div class=\"control-input\">\n                                                                    <input type=\"text\" name=\"field_extra_0\" id=\"field_extra_0\" placeholder=\"\" class=\"form-control\"  \/>\n                                                            <\/div>\n                        <\/div>\n                                                                    <div class=\"builder-contact-field builder-contact-field-extra builder-contact-checkbox-field\" data-order=\"4\">\n                            <label class=\"control-label\" for=\"field_extra_1\">\n                                Quais das obras interessa?                                                                    <input type=\"hidden\" name=\"field_extra_name_1\" value=\"Quais das obras interessa?\"\/>\n                                                            <\/label>\n                            <div class=\"control-input\">\n                                \t\t\t\t    \t\t\t\t\t\t\t\t\t\t    <label>\n\t\t\t\t\t\t<input type=\"checkbox\" name=\"field_extra_1[]\" value=\"OBRAS SUCROALCOOLEIRAS\" class=\"form-control\"  \/> OBRAS SUCROALCOOLEIRAS\t\t\t\t\t    <\/label>\n\t\t\t\t\t\t\t\t\t\t    <label>\n\t\t\t\t\t\t<input type=\"checkbox\" name=\"field_extra_1[]\" value=\"OBRAS PR\u00c9 MOLDADAS \" class=\"form-control\"  \/> OBRAS PR\u00c9 MOLDADAS \t\t\t\t\t    <\/label>\n\t\t\t\t\t\t\t\t\t\t    <label>\n\t\t\t\t\t\t<input type=\"checkbox\" name=\"field_extra_1[]\" value=\"OBRAS DE AGRONEG\u00d3CIO\" class=\"form-control\"  \/> OBRAS DE AGRONEG\u00d3CIO\t\t\t\t\t    <\/label>\n\t\t\t\t\t\t\t\t\t\t    <label>\n\t\t\t\t\t\t<input type=\"checkbox\" name=\"field_extra_1[]\" value=\"OUTROS\" class=\"form-control\"  \/> OUTROS\t\t\t\t\t    <\/label>\n\t\t\t\t\t\t\t\t\t    \t\t\t\t                            <\/div>\n                        <\/div>\n                                    \t\t\t\t\n                \n\t\t\t\t\n\t\t\t\t\n                                                        <div class=\"builder-contact-field builder-contact-field-captcha\" data-order=\"10000\">\n\t\t\t\t\t\t                        <label class=\"control-label\" for=\"contact-356-sub_row_1-0-0-1-0-contact-captcha\">Captcha <span class=\"required\">*<\/span><\/label>\n\t\t\t\t\t\t                        <div class=\"control-input\">\n                            <div class=\"g-recaptcha\" data-sitekey=\"6LddDWgUAAAAAHHENrB_4EkToL7YruoliThQsVr5\" data-ver=\"v2\"><\/div>\n                        <\/div>\n                    <\/div>\n                \n                <div class=\"builder-contact-field builder-contact-field-send\" data-order=\"10001\">\n                    <div class=\"control-input builder-contact-field-send-left\">\n                        <button type=\"submit\" class=\"btn btn-primary\"> <i class=\"fa fa-cog fa-spin\"><\/i> Enviar <\/button>\n                    <\/div>\n                <\/div>\n            <\/div>\n            <script type=\"text\/html\" class=\"builder-contact-form-data\">YToxNDp7czo2OiJzZW5kdG8iO3M6Mjk6InBsYW5lamFtZW50b0BlbmdlYmxvY2suY29tLmJyIjtzOjIwOiJzcGVjaWZ5X2Zyb21fYWRkcmVzcyI7czowOiIiO3M6MTQ6InNlbmRfdG9fYWRtaW5zIjtzOjA6IiI7czoyMToic3BlY2lmeV9lbWFpbF9hZGRyZXNzIjtzOjA6IiI7czozOiJiY2MiO3M6MDoiIjtzOjE2OiJhY3RpdmVfYmNjX2VtYWlsIjtzOjA6IiI7czoxNToiZGVmYXVsdF9zdWJqZWN0IjtzOjA6IiI7czoxMToic3VjY2Vzc191cmwiO3M6MDoiIjtzOjk6InBvc3RfdHlwZSI7czowOiIiO3M6MTE6InBvc3RfYXV0aG9yIjtzOjA6IiI7czoyMDoic3VjY2Vzc19tZXNzYWdlX3RleHQiO3M6Mjk6Ik1lbnNhZ2VtIGVudmlhZGEgY29tIHN1Y2Vzc28hIjtzOjE3OiJjb250YWN0X3NlbnRfZnJvbSI7czo2OiJlbmFibGUiO3M6MjA6ImNvbnRhY3RfbmFtZV9yZXF1aXJlIjtiOjA7czoyMToiY29udGFjdF9lbWFpbF9yZXF1aXJlIjtiOjA7fQ==<\/script>\n            <script type=\"text\/javascript\">\n\t\t\t\t\/\/ To load orders instantly, even don't wait for document ready\n\t\t\t\t(function($){\n\t\t\t\t\tvar mylist = $('#contact-356-sub_row_1-0-0-1-0').first().find('.builder-contact-fields'),\n                                            listitems = mylist.children('div').get();\n\n\t\t\t\t\tlistitems.sort(function (a, b) {\n\t\t\t\t\t\tvar compA = $(a).attr('data-order') ? parseInt( $(a).attr('data-order') ) : $(a).index(),\n                                                    compB = $(b).attr('data-order') ? parseInt( $(b).attr('data-order') ) : $(b).index();\n\t\t\t\t\t\treturn ( compA < compB ) ? -1 : ( compA > compB ) ? 1 : 0;\n\t\t\t\t\t});\n\t\t\t\t\t$.each(listitems, function (idx, itm) {\n\t\t\t\t\t\tmylist.append(itm);\n\t\t\t\t\t});\n\t\t\t\t})(jQuery);\n\t\t\t<\/script>\n        <\/form>\n\n            <\/div>\n    <!-- \/module contact -->\n\t        <\/div>\n\t    \t<\/div>\n\t\t<div style=\"width:13.1261%;\" class=\"sub_column module_column col4-1 last sub_column_post_356 sub_column_1-0-0-2 tb_v349065\"> \n\t    \t    \t<\/div>\n\t\t    <\/div>\n\t<\/div><!-- \/themify_builder_sub_row -->\n\t\t        <\/div>\n\t    \t<\/div>\n\t\t    <\/div>\n\t    <!-- \/row_inner -->\n\t<\/div>\n\t<!-- \/module_row -->\n\t<\/div>\n\n","protected":false},"excerpt":{"rendered":"<p>SOLICITE UM OR\u00c7AMENTO! Entre em contato com a gente! Nome E-mail Mensagem * Telefone Quais das obras interessa? OBRAS SUCROALCOOLEIRAS OBRAS PR\u00c9 MOLDADAS OBRAS DE AGRONEG\u00d3CIO OUTROS Captcha * Enviar<\/p>\n","protected":false},"author":1,"featured_media":0,"parent":0,"menu_order":0,"comment_status":"closed","ping_status":"closed","template":"","meta":{"footnotes":""},"class_list":["post-356","page","type-page","status-publish","hentry","has-post-title","has-post-date","has-post-category","has-post-tag","has-post-comment","has-post-author",""],"yoast_head":"<!-- This site is optimized with the Yoast SEO plugin v23.4 - https:\/\/yoast.com\/wordpress\/plugins\/seo\/ -->\n<title>OR\u00c7AMENTO - Engeblock - Planejamento e constru\u00e7\u00e3o<\/title>\n<meta name=\"robots\" content=\"index, follow, max-snippet:-1, max-image-preview:large, max-video-preview:-1\" \/>\n<link rel=\"canonical\" href=\"https:\/\/www.engeblock.com.br\/planejamento-e-construcao\/orcamento\/\" \/>\n<meta property=\"og:locale\" content=\"pt_BR\" \/>\n<meta property=\"og:type\" content=\"article\" \/>\n<meta property=\"og:title\" content=\"OR\u00c7AMENTO - Engeblock - Planejamento e constru\u00e7\u00e3o\" \/>\n<meta property=\"og:description\" content=\"SOLICITE UM OR\u00c7AMENTO! Entre em contato com a gente! Nome E-mail Mensagem * Telefone Quais das obras interessa? OBRAS SUCROALCOOLEIRAS OBRAS PR\u00c9 MOLDADAS OBRAS DE AGRONEG\u00d3CIO OUTROS Captcha * Enviar\" \/>\n<meta property=\"og:url\" content=\"https:\/\/www.engeblock.com.br\/planejamento-e-construcao\/orcamento\/\" \/>\n<meta property=\"og:site_name\" content=\"Engeblock - Planejamento e constru\u00e7\u00e3o\" \/>\n<meta property=\"article:modified_time\" content=\"2019-11-29T23:34:59+00:00\" \/>\n<meta name=\"twitter:card\" content=\"summary_large_image\" \/>\n<script type=\"application\/ld+json\" class=\"yoast-schema-graph\">{\"@context\":\"https:\/\/schema.org\",\"@graph\":[{\"@type\":\"WebPage\",\"@id\":\"https:\/\/www.engeblock.com.br\/planejamento-e-construcao\/orcamento\/\",\"url\":\"https:\/\/www.engeblock.com.br\/planejamento-e-construcao\/orcamento\/\",\"name\":\"OR\u00c7AMENTO - Engeblock - Planejamento e constru\u00e7\u00e3o\",\"isPartOf\":{\"@id\":\"https:\/\/www.engeblock.com.br\/planejamento-e-construcao\/#website\"},\"datePublished\":\"2018-03-23T13:49:43+00:00\",\"dateModified\":\"2019-11-29T23:34:59+00:00\",\"breadcrumb\":{\"@id\":\"https:\/\/www.engeblock.com.br\/planejamento-e-construcao\/orcamento\/#breadcrumb\"},\"inLanguage\":\"pt-BR\",\"potentialAction\":[{\"@type\":\"ReadAction\",\"target\":[\"https:\/\/www.engeblock.com.br\/planejamento-e-construcao\/orcamento\/\"]}]},{\"@type\":\"BreadcrumbList\",\"@id\":\"https:\/\/www.engeblock.com.br\/planejamento-e-construcao\/orcamento\/#breadcrumb\",\"itemListElement\":[{\"@type\":\"ListItem\",\"position\":1,\"name\":\"In\u00edcio\",\"item\":\"https:\/\/www.engeblock.com.br\/planejamento-e-construcao\/\"},{\"@type\":\"ListItem\",\"position\":2,\"name\":\"OR\u00c7AMENTO\"}]},{\"@type\":\"WebSite\",\"@id\":\"https:\/\/www.engeblock.com.br\/planejamento-e-construcao\/#website\",\"url\":\"https:\/\/www.engeblock.com.br\/planejamento-e-construcao\/\",\"name\":\"Engeblock - Planejamento e constru\u00e7\u00e3o\",\"description\":\"\",\"potentialAction\":[{\"@type\":\"SearchAction\",\"target\":{\"@type\":\"EntryPoint\",\"urlTemplate\":\"https:\/\/www.engeblock.com.br\/planejamento-e-construcao\/?s={search_term_string}\"},\"query-input\":{\"@type\":\"PropertyValueSpecification\",\"valueRequired\":true,\"valueName\":\"search_term_string\"}}],\"inLanguage\":\"pt-BR\"}]}<\/script>\n<!-- \/ Yoast SEO plugin. -->","yoast_head_json":{"title":"OR\u00c7AMENTO - Engeblock - Planejamento e constru\u00e7\u00e3o","robots":{"index":"index","follow":"follow","max-snippet":"max-snippet:-1","max-image-preview":"max-image-preview:large","max-video-preview":"max-video-preview:-1"},"canonical":"https:\/\/www.engeblock.com.br\/planejamento-e-construcao\/orcamento\/","og_locale":"pt_BR","og_type":"article","og_title":"OR\u00c7AMENTO - Engeblock - Planejamento e constru\u00e7\u00e3o","og_description":"SOLICITE UM OR\u00c7AMENTO! Entre em contato com a gente! Nome E-mail Mensagem * Telefone Quais das obras interessa? OBRAS SUCROALCOOLEIRAS OBRAS PR\u00c9 MOLDADAS OBRAS DE AGRONEG\u00d3CIO OUTROS Captcha * Enviar","og_url":"https:\/\/www.engeblock.com.br\/planejamento-e-construcao\/orcamento\/","og_site_name":"Engeblock - Planejamento e constru\u00e7\u00e3o","article_modified_time":"2019-11-29T23:34:59+00:00","twitter_card":"summary_large_image","schema":{"@context":"https:\/\/schema.org","@graph":[{"@type":"WebPage","@id":"https:\/\/www.engeblock.com.br\/planejamento-e-construcao\/orcamento\/","url":"https:\/\/www.engeblock.com.br\/planejamento-e-construcao\/orcamento\/","name":"OR\u00c7AMENTO - Engeblock - Planejamento e constru\u00e7\u00e3o","isPartOf":{"@id":"https:\/\/www.engeblock.com.br\/planejamento-e-construcao\/#website"},"datePublished":"2018-03-23T13:49:43+00:00","dateModified":"2019-11-29T23:34:59+00:00","breadcrumb":{"@id":"https:\/\/www.engeblock.com.br\/planejamento-e-construcao\/orcamento\/#breadcrumb"},"inLanguage":"pt-BR","potentialAction":[{"@type":"ReadAction","target":["https:\/\/www.engeblock.com.br\/planejamento-e-construcao\/orcamento\/"]}]},{"@type":"BreadcrumbList","@id":"https:\/\/www.engeblock.com.br\/planejamento-e-construcao\/orcamento\/#breadcrumb","itemListElement":[{"@type":"ListItem","position":1,"name":"In\u00edcio","item":"https:\/\/www.engeblock.com.br\/planejamento-e-construcao\/"},{"@type":"ListItem","position":2,"name":"OR\u00c7AMENTO"}]},{"@type":"WebSite","@id":"https:\/\/www.engeblock.com.br\/planejamento-e-construcao\/#website","url":"https:\/\/www.engeblock.com.br\/planejamento-e-construcao\/","name":"Engeblock - Planejamento e constru\u00e7\u00e3o","description":"","potentialAction":[{"@type":"SearchAction","target":{"@type":"EntryPoint","urlTemplate":"https:\/\/www.engeblock.com.br\/planejamento-e-construcao\/?s={search_term_string}"},"query-input":{"@type":"PropertyValueSpecification","valueRequired":true,"valueName":"search_term_string"}}],"inLanguage":"pt-BR"}]}},"builder_content":"<h2 style=\"text-align: center; font-weight: bold; line-height:15px;\">SOLICITE UM OR\u00c7AMENTO!<\/h2> <h3 style=\"text-align: center;\">Entre em contato com a gente!<\/h3>\n<form action=\"https:\/\/www.engeblock.com.br\/planejamento-e-construcao\/wp-admin\/admin-ajax.php\" id=\"contact-0--form\" method=\"post\"> <label for=\"contact-0--contact-name\">Nome <\/label> <input type=\"text\" name=\"contact-name\" placeholder=\"\" id=\"contact-0--contact-name\" value=\"\" \/> <label for=\"contact-0--contact-email\">E-mail <\/label> <input type=\"text\" name=\"contact-email\" placeholder=\"\" id=\"contact-0--contact-email\" value=\"\" \/> <label for=\"contact-0--contact-message\">Mensagem *<\/label> <textarea name=\"contact-message\" placeholder=\"\" id=\"contact-0--contact-message\" rows=\"8\" cols=\"45\" required><\/textarea> <label for=\"field_extra_0\"> Telefone <input type=\"hidden\" name=\"field_extra_name_0\" value=\"Telefone\"\/> <\/label> <input type=\"text\" name=\"field_extra_0\" id=\"field_extra_0\" placeholder=\"\" \/> <label for=\"field_extra_1\"> Quais das obras interessa? <input type=\"hidden\" name=\"field_extra_name_1\" value=\"Quais das obras interessa?\"\/> <\/label> <label> <input type=\"checkbox\" name=\"field_extra_1[]\" value=\"OBRAS SUCROALCOOLEIRAS\" \/> OBRAS SUCROALCOOLEIRAS <\/label> <label> <input type=\"checkbox\" name=\"field_extra_1[]\" value=\"OBRAS PR\u00c9 MOLDADAS \" \/> OBRAS PR\u00c9 MOLDADAS <\/label> <label> <input type=\"checkbox\" name=\"field_extra_1[]\" value=\"OBRAS DE AGRONEG\u00d3CIO\" \/> OBRAS DE AGRONEG\u00d3CIO <\/label> <label> <input type=\"checkbox\" name=\"field_extra_1[]\" value=\"OUTROS\" \/> OUTROS <\/label> <label for=\"contact-0--contact-captcha\">Captcha *<\/label> <button type=\"submit\"> Enviar <\/button> <\/form>","_links":{"self":[{"href":"https:\/\/www.engeblock.com.br\/planejamento-e-construcao\/wp-json\/wp\/v2\/pages\/356","targetHints":{"allow":["GET"]}}],"collection":[{"href":"https:\/\/www.engeblock.com.br\/planejamento-e-construcao\/wp-json\/wp\/v2\/pages"}],"about":[{"href":"https:\/\/www.engeblock.com.br\/planejamento-e-construcao\/wp-json\/wp\/v2\/types\/page"}],"author":[{"embeddable":true,"href":"https:\/\/www.engeblock.com.br\/planejamento-e-construcao\/wp-json\/wp\/v2\/users\/1"}],"replies":[{"embeddable":true,"href":"https:\/\/www.engeblock.com.br\/planejamento-e-construcao\/wp-json\/wp\/v2\/comments?post=356"}],"version-history":[{"count":44,"href":"https:\/\/www.engeblock.com.br\/planejamento-e-construcao\/wp-json\/wp\/v2\/pages\/356\/revisions"}],"predecessor-version":[{"id":1249,"href":"https:\/\/www.engeblock.com.br\/planejamento-e-construcao\/wp-json\/wp\/v2\/pages\/356\/revisions\/1249"}],"wp:attachment":[{"href":"https:\/\/www.engeblock.com.br\/planejamento-e-construcao\/wp-json\/wp\/v2\/media?parent=356"}],"curies":[{"name":"wp","href":"https:\/\/api.w.org\/{rel}","templated":true}]}}